{"id":6907,"date":"2022-09-25T23:54:10","date_gmt":"2022-09-25T21:54:10","guid":{"rendered":"https:\/\/dentalcentrumnivy.eu\/about-us\/"},"modified":"2025-08-18T10:07:44","modified_gmt":"2025-08-18T08:07:44","slug":"about-us","status":"publish","type":"page","link":"https:\/\/dentalcentrumnivy.eu\/en\/about-us\/","title":{"rendered":"About us"},"content":{"rendered":"\t\t<div data-elementor-type=\"wp-page\" data-elementor-id=\"6907\" class=\"elementor elementor-6907 elementor-837\" data-elementor-post-type=\"page\">\n\t\t\t\t\t\t<section class=\"elementor-section elementor-top-section elementor-element elementor-element-c9bacec elementor-section-height-min-height elementor-section-items-stretch elementor-section-boxed elementor-section-height-default\" data-id=\"c9bacec\" data-element_type=\"section\" data-e-type=\"section\" data-settings=\"{&quot;background_background&quot;:&quot;classic&quot;}\">\n\t\t\t\t\t\t\t<div class=\"elementor-background-overlay\"><\/div>\n\t\t\t\t\t\t\t<div class=\"elementor-container elementor-column-gap-default\">\n\t\t\t\t\t<div class=\"elementor-column elementor-col-100 elementor-top-column elementor-element elementor-element-2684d5d\" data-id=\"2684d5d\" data-element_type=\"column\" data-e-type=\"column\">\n\t\t\t<div class=\"elementor-widget-wrap elementor-element-populated\">\n\t\t\t\t\t\t<div class=\"elementor-element elementor-element-699c526 elementor-invisible elementor-widget elementor-widget-heading\" data-id=\"699c526\" data-element_type=\"widget\" data-e-type=\"widget\" data-settings=\"{&quot;_animation&quot;:&quot;fadeInDown&quot;}\" data-widget_type=\"heading.default\">\n\t\t\t\t<div class=\"elementor-widget-container\">\n\t\t\t\t\t<h2 class=\"elementor-heading-title elementor-size-default\">About us<\/h2>\t\t\t\t<\/div>\n\t\t\t\t<\/div>\n\t\t\t\t\t<\/div>\n\t\t<\/div>\n\t\t\t\t\t<\/div>\n\t\t<\/section>\n\t\t\t\t<section class=\"elementor-section elementor-top-section elementor-element elementor-element-92d732a elementor-reverse-tablet elementor-reverse-mobile elementor-section-boxed elementor-section-height-default elementor-section-height-default elementor-invisible\" data-id=\"92d732a\" data-element_type=\"section\" data-e-type=\"section\" data-settings=\"{&quot;animation&quot;:&quot;fadeInUp&quot;}\">\n\t\t\t\t\t\t<div class=\"elementor-container elementor-column-gap-default\">\n\t\t\t\t\t<div class=\"elementor-column elementor-col-50 elementor-top-column elementor-element elementor-element-84c2f64\" data-id=\"84c2f64\" data-element_type=\"column\" data-e-type=\"column\">\n\t\t\t<div class=\"elementor-widget-wrap elementor-element-populated\">\n\t\t\t\t\t\t<div class=\"elementor-element elementor-element-4e57297 elementor-widget elementor-widget-image\" data-id=\"4e57297\" data-element_type=\"widget\" data-e-type=\"widget\" data-widget_type=\"image.default\">\n\t\t\t\t<div class=\"elementor-widget-container\">\n\t\t\t\t\t\t\t\t\t\t\t\t\t\t\t<img fetchpriority=\"high\" decoding=\"async\" width=\"1080\" height=\"720\" src=\"https:\/\/dentalcentrumnivy.eu\/wp-content\/uploads\/2022\/10\/Dental-Centrum-Nivy-recepcia-3.jpg\" class=\"attachment-full size-full wp-image-6687\" alt=\"Pacientmi najlep\u0161ie hodnoten\u00e1 s\u00fakromn\u00e1 zubn\u00e1 ambulancia v Bratislave | Dental Centrum NIVY\" srcset=\"https:\/\/dentalcentrumnivy.eu\/wp-content\/uploads\/2022\/10\/Dental-Centrum-Nivy-recepcia-3.jpg 1080w, https:\/\/dentalcentrumnivy.eu\/wp-content\/uploads\/2022\/10\/Dental-Centrum-Nivy-recepcia-3-300x200.jpg 300w, https:\/\/dentalcentrumnivy.eu\/wp-content\/uploads\/2022\/10\/Dental-Centrum-Nivy-recepcia-3-1024x683.jpg 1024w, https:\/\/dentalcentrumnivy.eu\/wp-content\/uploads\/2022\/10\/Dental-Centrum-Nivy-recepcia-3-768x512.jpg 768w\" sizes=\"(max-width: 1080px) 100vw, 1080px\" \/>\t\t\t\t\t\t\t\t\t\t\t\t\t\t\t<\/div>\n\t\t\t\t<\/div>\n\t\t\t\t\t<\/div>\n\t\t<\/div>\n\t\t\t\t<div class=\"elementor-column elementor-col-50 elementor-top-column elementor-element elementor-element-539d34d\" data-id=\"539d34d\" data-element_type=\"column\" data-e-type=\"column\">\n\t\t\t<div class=\"elementor-widget-wrap elementor-element-populated\">\n\t\t\t\t\t\t<div class=\"elementor-element elementor-element-b9c8f5d elementor-widget elementor-widget-heading\" data-id=\"b9c8f5d\" data-element_type=\"widget\" data-e-type=\"widget\" data-widget_type=\"heading.default\">\n\t\t\t\t<div class=\"elementor-widget-container\">\n\t\t\t\t\t<h2 class=\"elementor-heading-title elementor-size-default\">Welcome to Dental Centrum NIVY<\/h2>\t\t\t\t<\/div>\n\t\t\t\t<\/div>\n\t\t\t\t<div class=\"elementor-element elementor-element-44a057f elementor-widget elementor-widget-text-editor\" data-id=\"44a057f\" data-element_type=\"widget\" data-e-type=\"widget\" data-widget_type=\"text-editor.default\">\n\t\t\t\t<div class=\"elementor-widget-container\">\n\t\t\t\t\t\t\t\t\t<p>A modern dental clinic in the heart of Bratislava, where the quality of treatment and the comfort of our clients are our top priorities. Choose specialists whose work leaves behind many satisfied patients. Experience a new level of healthcare using the latest technologies that will make your smile enchanting and unforgettable.<\/p>\n<p>If you&#8217;re still hesitant about visiting the dentist, now is the time to take the first step towards your perfect smile! We will meet even the most demanding requirements of our clients, as is proven in the exceptional reviews of our satisfied customers. A healthy smile never goes out of style, so take a step towards your new self-confidence by visiting our clinic.<\/p>\n\t\t\t\t\t\t\t\t<\/div>\n\t\t\t\t<\/div>\n\t\t\t\t\t<\/div>\n\t\t<\/div>\n\t\t\t\t\t<\/div>\n\t\t<\/section>\n\t\t\t\t<section class=\"elementor-section elementor-top-section elementor-element elementor-element-500b3bf elementor-reverse-tablet elementor-reverse-mobile elementor-section-boxed elementor-section-height-default elementor-section-height-default elementor-invisible\" data-id=\"500b3bf\" data-element_type=\"section\" data-e-type=\"section\" data-settings=\"{&quot;animation&quot;:&quot;fadeInUp&quot;}\">\n\t\t\t\t\t\t<div class=\"elementor-container elementor-column-gap-default\">\n\t\t\t\t\t<div class=\"elementor-column elementor-col-50 elementor-top-column elementor-element elementor-element-c62bce5\" data-id=\"c62bce5\" data-element_type=\"column\" data-e-type=\"column\">\n\t\t\t<div class=\"elementor-widget-wrap elementor-element-populated\">\n\t\t\t\t\t\t<div class=\"elementor-element elementor-element-0cb98e2 elementor-widget elementor-widget-image\" data-id=\"0cb98e2\" data-element_type=\"widget\" data-e-type=\"widget\" data-widget_type=\"image.default\">\n\t\t\t\t<div class=\"elementor-widget-container\">\n\t\t\t\t\t\t\t\t\t\t\t\t\t\t\t<img decoding=\"async\" width=\"2560\" height=\"1703\" src=\"https:\/\/dentalcentrumnivy.eu\/wp-content\/uploads\/2022\/11\/Dental-Centrum-NIVY-rodinna-firma-1-scaled.jpg\" class=\"attachment-full size-full wp-image-6775\" alt=\"\" srcset=\"https:\/\/dentalcentrumnivy.eu\/wp-content\/uploads\/2022\/11\/Dental-Centrum-NIVY-rodinna-firma-1-scaled.jpg 2560w, https:\/\/dentalcentrumnivy.eu\/wp-content\/uploads\/2022\/11\/Dental-Centrum-NIVY-rodinna-firma-1-300x200.jpg 300w, https:\/\/dentalcentrumnivy.eu\/wp-content\/uploads\/2022\/11\/Dental-Centrum-NIVY-rodinna-firma-1-1024x681.jpg 1024w, https:\/\/dentalcentrumnivy.eu\/wp-content\/uploads\/2022\/11\/Dental-Centrum-NIVY-rodinna-firma-1-768x511.jpg 768w, https:\/\/dentalcentrumnivy.eu\/wp-content\/uploads\/2022\/11\/Dental-Centrum-NIVY-rodinna-firma-1-1536x1022.jpg 1536w, https:\/\/dentalcentrumnivy.eu\/wp-content\/uploads\/2022\/11\/Dental-Centrum-NIVY-rodinna-firma-1-2048x1363.jpg 2048w\" sizes=\"(max-width: 2560px) 100vw, 2560px\" \/>\t\t\t\t\t\t\t\t\t\t\t\t\t\t\t<\/div>\n\t\t\t\t<\/div>\n\t\t\t\t\t<\/div>\n\t\t<\/div>\n\t\t\t\t<div class=\"elementor-column elementor-col-50 elementor-top-column elementor-element elementor-element-7065e9c\" data-id=\"7065e9c\" data-element_type=\"column\" data-e-type=\"column\">\n\t\t\t<div class=\"elementor-widget-wrap elementor-element-populated\">\n\t\t\t\t\t\t<div class=\"elementor-element elementor-element-75bca42 elementor-widget elementor-widget-heading\" data-id=\"75bca42\" data-element_type=\"widget\" data-e-type=\"widget\" data-widget_type=\"heading.default\">\n\t\t\t\t<div class=\"elementor-widget-container\">\n\t\t\t\t\t<h2 class=\"elementor-heading-title elementor-size-default\">A family business with a mission<\/h2>\t\t\t\t<\/div>\n\t\t\t\t<\/div>\n\t\t\t\t<div class=\"elementor-element elementor-element-27aae68 elementor-widget elementor-widget-text-editor\" data-id=\"27aae68\" data-element_type=\"widget\" data-e-type=\"widget\" data-widget_type=\"text-editor.default\">\n\t\t\t\t<div class=\"elementor-widget-container\">\n\t\t\t\t\t\t\t\t\t<p>Dental Centrum NIVY was established at the beginning of 2015 after a change in the management of the previous dental clinics. The clinics have been operating at this address for over 20 years and our mission is to continue to provide superior care for your healthy smile. We are a family-run company that will leave you astounded by the pleasant atmosphere. We provide comprehensive dental care services ranging from routine check-ups to advanced methods of dental hygiene, dental surgery, dental emergency services as well as other services to ensure you don&#8217;t get lost in the crowd.<\/p>\n\t\t\t\t\t\t\t\t<\/div>\n\t\t\t\t<\/div>\n\t\t\t\t\t<\/div>\n\t\t<\/div>\n\t\t\t\t\t<\/div>\n\t\t<\/section>\n\t\t\t\t<section class=\"elementor-section elementor-top-section elementor-element elementor-element-19bcd74 elementor-section-boxed elementor-section-height-default elementor-section-height-default\" data-id=\"19bcd74\" data-element_type=\"section\" data-e-type=\"section\">\n\t\t\t\t\t\t<div class=\"elementor-container elementor-column-gap-default\">\n\t\t\t\t\t<div class=\"elementor-column elementor-col-100 elementor-top-column elementor-element elementor-element-53e3e05\" data-id=\"53e3e05\" data-element_type=\"column\" data-e-type=\"column\">\n\t\t\t<div class=\"elementor-widget-wrap elementor-element-populated\">\n\t\t\t\t\t\t<div class=\"elementor-element elementor-element-57b9f77 elementor-align-center elementor-widget elementor-widget-button\" data-id=\"57b9f77\" data-element_type=\"widget\" data-e-type=\"widget\" data-widget_type=\"button.default\">\n\t\t\t\t<div class=\"elementor-widget-container\">\n\t\t\t\t\t\t\t\t\t<div class=\"elementor-button-wrapper\">\n\t\t\t\t\t<a class=\"elementor-button elementor-button-link elementor-size-sm elementor-animation-shrink\" href=\"https:\/\/dentalcentrumnivy.eu\/en\/our-services\/\">\n\t\t\t\t\t\t<span class=\"elementor-button-content-wrapper\">\n\t\t\t\t\t\t\t\t\t<span class=\"elementor-button-text\">OUR SERVICES<\/span>\n\t\t\t\t\t<\/span>\n\t\t\t\t\t<\/a>\n\t\t\t\t<\/div>\n\t\t\t\t\t\t\t\t<\/div>\n\t\t\t\t<\/div>\n\t\t\t\t\t<\/div>\n\t\t<\/div>\n\t\t\t\t\t<\/div>\n\t\t<\/section>\n\t\t\t\t<section class=\"elementor-section elementor-top-section elementor-element elementor-element-0c0cc23 elementor-section-boxed elementor-section-height-default elementor-section-height-default\" data-id=\"0c0cc23\" data-element_type=\"section\" data-e-type=\"section\">\n\t\t\t\t\t\t\t<div class=\"elementor-background-overlay\"><\/div>\n\t\t\t\t\t\t\t<div class=\"elementor-container elementor-column-gap-default\">\n\t\t\t\t\t<div class=\"elementor-column elementor-col-100 elementor-top-column elementor-element elementor-element-5877048\" data-id=\"5877048\" data-element_type=\"column\" data-e-type=\"column\">\n\t\t\t<div class=\"elementor-widget-wrap elementor-element-populated\">\n\t\t\t\t\t\t<div class=\"elementor-element elementor-element-9887b88 elementor-widget elementor-widget-spacer\" data-id=\"9887b88\" data-element_type=\"widget\" data-e-type=\"widget\" data-widget_type=\"spacer.default\">\n\t\t\t\t<div class=\"elementor-widget-container\">\n\t\t\t\t\t\t\t<div class=\"elementor-spacer\">\n\t\t\t<div class=\"elementor-spacer-inner\"><\/div>\n\t\t<\/div>\n\t\t\t\t\t\t<\/div>\n\t\t\t\t<\/div>\n\t\t\t\t\t<\/div>\n\t\t<\/div>\n\t\t\t\t\t<\/div>\n\t\t<\/section>\n\t\t\t\t<section class=\"elementor-section elementor-top-section elementor-element elementor-element-7d3334b elementor-section-boxed elementor-section-height-default elementor-section-height-default\" data-id=\"7d3334b\" data-element_type=\"section\" data-e-type=\"section\" data-settings=\"{&quot;background_background&quot;:&quot;classic&quot;}\">\n\t\t\t\t\t\t\t<div class=\"elementor-background-overlay\"><\/div>\n\t\t\t\t\t\t\t<div class=\"elementor-container elementor-column-gap-default\">\n\t\t\t\t\t<div class=\"elementor-column elementor-col-100 elementor-top-column elementor-element elementor-element-470acb0\" data-id=\"470acb0\" data-element_type=\"column\" data-e-type=\"column\">\n\t\t\t<div class=\"elementor-widget-wrap elementor-element-populated\">\n\t\t\t\t\t\t<div class=\"elementor-element elementor-element-ece8aa0 elementor-widget elementor-widget-heading\" data-id=\"ece8aa0\" data-element_type=\"widget\" data-e-type=\"widget\" data-widget_type=\"heading.default\">\n\t\t\t\t<div class=\"elementor-widget-container\">\n\t\t\t\t\t<h2 class=\"elementor-heading-title elementor-size-default\">Please take a moment to peruse the reviews left by our patients on Google and Facebook<\/h2>\t\t\t\t<\/div>\n\t\t\t\t<\/div>\n\t\t\t\t<div class=\"elementor-element elementor-element-21b84ad elementor-widget elementor-widget-text-editor\" data-id=\"21b84ad\" data-element_type=\"widget\" data-e-type=\"widget\" data-widget_type=\"text-editor.default\">\n\t\t\t\t<div class=\"elementor-widget-container\">\n\t\t\t\t\t\t\t\t\t<p style=\"text-align: center;\">We are patients of the highest-rated dental clinic in Bratislava.<\/p>\t\t\t\t\t\t\t\t<\/div>\n\t\t\t\t<\/div>\n\t\t\t\t<div class=\"elementor-element elementor-element-9a1c390 elementor-widget elementor-widget-shortcode\" data-id=\"9a1c390\" data-element_type=\"widget\" data-e-type=\"widget\" data-widget_type=\"shortcode.default\">\n\t\t\t\t<div class=\"elementor-widget-container\">\n\t\t\t\t\t\t\t<div class=\"elementor-shortcode\"><div data-src=\"https:\/\/cdn.trustindex.io\/loader.js?2c7a73551238405eb70669a0512\"><\/div><\/div>\n\t\t\t\t\t\t<\/div>\n\t\t\t\t<\/div>\n\t\t\t\t<div class=\"elementor-element elementor-element-3fb4972 elementor-align-center elementor-widget elementor-widget-button\" data-id=\"3fb4972\" data-element_type=\"widget\" data-e-type=\"widget\" data-widget_type=\"button.default\">\n\t\t\t\t<div class=\"elementor-widget-container\">\n\t\t\t\t\t\t\t\t\t<div class=\"elementor-button-wrapper\">\n\t\t\t\t\t<a class=\"elementor-button elementor-button-link elementor-size-sm elementor-animation-shrink\" href=\"https:\/\/dentalcentrumnivy.eu\/en\/references\/\">\n\t\t\t\t\t\t<span class=\"elementor-button-content-wrapper\">\n\t\t\t\t\t\t\t\t\t<span class=\"elementor-button-text\">MORE REFERENCES<\/span>\n\t\t\t\t\t<\/span>\n\t\t\t\t\t<\/a>\n\t\t\t\t<\/div>\n\t\t\t\t\t\t\t\t<\/div>\n\t\t\t\t<\/div>\n\t\t\t\t\t<\/div>\n\t\t<\/div>\n\t\t\t\t\t<\/div>\n\t\t<\/section>\n\t\t\t\t<section class=\"elementor-section elementor-top-section elementor-element elementor-element-79b13b1 elementor-section-full_width elementor-section-stretched elementor-hidden-mobile elementor-section-height-default elementor-section-height-default\" data-id=\"79b13b1\" data-element_type=\"section\" data-e-type=\"section\" data-settings=\"{&quot;stretch_section&quot;:&quot;section-stretched&quot;}\">\n\t\t\t\t\t\t<div class=\"elementor-container elementor-column-gap-default\">\n\t\t\t\t\t<div class=\"elementor-column elementor-col-100 elementor-top-column elementor-element elementor-element-1d45f41\" data-id=\"1d45f41\" data-element_type=\"column\" data-e-type=\"column\">\n\t\t\t<div class=\"elementor-widget-wrap elementor-element-populated\">\n\t\t\t\t\t\t<div class=\"elementor-element elementor-element-4348584 elementor-widget elementor-widget-image\" data-id=\"4348584\" data-element_type=\"widget\" data-e-type=\"widget\" data-widget_type=\"image.default\">\n\t\t\t\t<div class=\"elementor-widget-container\">\n\t\t\t\t\t\t\t\t\t\t\t\t\t\t\t<img decoding=\"async\" width=\"354\" height=\"1581\" src=\"https:\/\/dentalcentrumnivy.eu\/wp-content\/uploads\/2022\/11\/Group-41.png\" class=\"attachment-full size-full wp-image-6800\" alt=\"\" srcset=\"https:\/\/dentalcentrumnivy.eu\/wp-content\/uploads\/2022\/11\/Group-41.png 354w, https:\/\/dentalcentrumnivy.eu\/wp-content\/uploads\/2022\/11\/Group-41-67x300.png 67w, https:\/\/dentalcentrumnivy.eu\/wp-content\/uploads\/2022\/11\/Group-41-229x1024.png 229w, https:\/\/dentalcentrumnivy.eu\/wp-content\/uploads\/2022\/11\/Group-41-344x1536.png 344w\" sizes=\"(max-width: 354px) 100vw, 354px\" \/>\t\t\t\t\t\t\t\t\t\t\t\t\t\t\t<\/div>\n\t\t\t\t<\/div>\n\t\t\t\t\t<\/div>\n\t\t<\/div>\n\t\t\t\t\t<\/div>\n\t\t<\/section>\n\t\t\t\t<\/div>\n\t\t","protected":false},"excerpt":{"rendered":"<p>About us Welcome to Dental Centrum NIVY A modern dental clinic in the heart of Bratislava, where the quality of treatment and the comfort of our clients are our top priorities. Choose specialists whose work leaves behind many satisfied patients. Experience a new level of healthcare using the latest technologies that will make your smile [&hellip;]<\/p>\n","protected":false},"author":13,"featured_media":6833,"parent":0,"menu_order":0,"comment_status":"closed","ping_status":"closed","template":"elementor_header_footer","meta":{"footnotes":""},"class_list":["post-6907","page","type-page","status-publish","has-post-thumbnail","hentry"],"yoast_head":"<!-- This site is optimized with the Yoast SEO plugin v27.3 - https:\/\/yoast.com\/product\/yoast-seo-wordpress\/ -->\n<title>About us | Dental clinic in Bratislava | Dental Centrum NIVY<\/title>\n<meta name=\"description\" content=\"A modern dental clinic in Bratislava, where the quality of treatment and the comfort of our clients are our top priorities\" \/>\n<meta name=\"robots\" content=\"index, follow, max-snippet:-1, max-image-preview:large, max-video-preview:-1\" \/>\n<link rel=\"canonical\" href=\"https:\/\/dentalcentrumnivy.eu\/en\/about-us\/\" \/>\n<meta property=\"og:locale\" content=\"en_US\" \/>\n<meta property=\"og:type\" content=\"article\" \/>\n<meta property=\"og:title\" content=\"About us | Dental clinic in Bratislava | Dental Centrum NIVY\" \/>\n<meta property=\"og:description\" content=\"A modern dental clinic in Bratislava, where the quality of treatment and the comfort of our clients are our top priorities\" \/>\n<meta property=\"og:url\" content=\"https:\/\/dentalcentrumnivy.eu\/en\/about-us\/\" \/>\n<meta property=\"og:site_name\" content=\"Dental Centrum NIVY\" \/>\n<meta property=\"article:modified_time\" content=\"2025-08-18T08:07:44+00:00\" \/>\n<meta property=\"og:image\" content=\"https:\/\/dentalcentrumnivy.eu\/wp-content\/uploads\/2022\/12\/Dental-logo-stvorec.png\" \/>\n\t<meta property=\"og:image:width\" content=\"500\" \/>\n\t<meta property=\"og:image:height\" content=\"500\" \/>\n\t<meta property=\"og:image:type\" content=\"image\/png\" \/>\n<meta name=\"twitter:card\" content=\"summary_large_image\" \/>\n<meta name=\"twitter:label1\" content=\"Est. reading time\" \/>\n\t<meta name=\"twitter:data1\" content=\"2 minutes\" \/>\n<script type=\"application\/ld+json\" class=\"yoast-schema-graph\">{\"@context\":\"https:\\\/\\\/schema.org\",\"@graph\":[{\"@type\":\"WebPage\",\"@id\":\"https:\\\/\\\/dentalcentrumnivy.eu\\\/en\\\/about-us\\\/\",\"url\":\"https:\\\/\\\/dentalcentrumnivy.eu\\\/en\\\/about-us\\\/\",\"name\":\"About us | Dental clinic in Bratislava | Dental Centrum NIVY\",\"isPartOf\":{\"@id\":\"https:\\\/\\\/dentalcentrumnivy.eu\\\/#website\"},\"primaryImageOfPage\":{\"@id\":\"https:\\\/\\\/dentalcentrumnivy.eu\\\/en\\\/about-us\\\/#primaryimage\"},\"image\":{\"@id\":\"https:\\\/\\\/dentalcentrumnivy.eu\\\/en\\\/about-us\\\/#primaryimage\"},\"thumbnailUrl\":\"https:\\\/\\\/dentalcentrumnivy.eu\\\/wp-content\\\/uploads\\\/2022\\\/12\\\/Dental-logo-stvorec.png\",\"datePublished\":\"2022-09-25T21:54:10+00:00\",\"dateModified\":\"2025-08-18T08:07:44+00:00\",\"description\":\"A modern dental clinic in Bratislava, where the quality of treatment and the comfort of our clients are our top priorities\",\"breadcrumb\":{\"@id\":\"https:\\\/\\\/dentalcentrumnivy.eu\\\/en\\\/about-us\\\/#breadcrumb\"},\"inLanguage\":\"en-US\",\"potentialAction\":[{\"@type\":\"ReadAction\",\"target\":[\"https:\\\/\\\/dentalcentrumnivy.eu\\\/en\\\/about-us\\\/\"]}]},{\"@type\":\"ImageObject\",\"inLanguage\":\"en-US\",\"@id\":\"https:\\\/\\\/dentalcentrumnivy.eu\\\/en\\\/about-us\\\/#primaryimage\",\"url\":\"https:\\\/\\\/dentalcentrumnivy.eu\\\/wp-content\\\/uploads\\\/2022\\\/12\\\/Dental-logo-stvorec.png\",\"contentUrl\":\"https:\\\/\\\/dentalcentrumnivy.eu\\\/wp-content\\\/uploads\\\/2022\\\/12\\\/Dental-logo-stvorec.png\",\"width\":500,\"height\":500,\"caption\":\"Dental Centrum NIVY logo stvorec\"},{\"@type\":\"BreadcrumbList\",\"@id\":\"https:\\\/\\\/dentalcentrumnivy.eu\\\/en\\\/about-us\\\/#breadcrumb\",\"itemListElement\":[{\"@type\":\"ListItem\",\"position\":1,\"name\":\"Home\",\"item\":\"https:\\\/\\\/dentalcentrumnivy.eu\\\/\"},{\"@type\":\"ListItem\",\"position\":2,\"name\":\"About us\"}]},{\"@type\":\"WebSite\",\"@id\":\"https:\\\/\\\/dentalcentrumnivy.eu\\\/#website\",\"url\":\"https:\\\/\\\/dentalcentrumnivy.eu\\\/\",\"name\":\"Dental Centrum NIVY\",\"description\":\"\",\"publisher\":{\"@id\":\"https:\\\/\\\/dentalcentrumnivy.eu\\\/#organization\"},\"potentialAction\":[{\"@type\":\"SearchAction\",\"target\":{\"@type\":\"EntryPoint\",\"urlTemplate\":\"https:\\\/\\\/dentalcentrumnivy.eu\\\/?s={search_term_string}\"},\"query-input\":{\"@type\":\"PropertyValueSpecification\",\"valueRequired\":true,\"valueName\":\"search_term_string\"}}],\"inLanguage\":\"en-US\"},{\"@type\":\"Organization\",\"@id\":\"https:\\\/\\\/dentalcentrumnivy.eu\\\/#organization\",\"name\":\"Dental Centrum NIVY\",\"url\":\"https:\\\/\\\/dentalcentrumnivy.eu\\\/\",\"logo\":{\"@type\":\"ImageObject\",\"inLanguage\":\"en-US\",\"@id\":\"https:\\\/\\\/dentalcentrumnivy.eu\\\/#\\\/schema\\\/logo\\\/image\\\/\",\"url\":\"\",\"contentUrl\":\"\",\"caption\":\"Dental Centrum NIVY\"},\"image\":{\"@id\":\"https:\\\/\\\/dentalcentrumnivy.eu\\\/#\\\/schema\\\/logo\\\/image\\\/\"}}]}<\/script>\n<!-- \/ Yoast SEO plugin. -->","yoast_head_json":{"title":"About us | Dental clinic in Bratislava | Dental Centrum NIVY","description":"A modern dental clinic in Bratislava, where the quality of treatment and the comfort of our clients are our top priorities","robots":{"index":"index","follow":"follow","max-snippet":"max-snippet:-1","max-image-preview":"max-image-preview:large","max-video-preview":"max-video-preview:-1"},"canonical":"https:\/\/dentalcentrumnivy.eu\/en\/about-us\/","og_locale":"en_US","og_type":"article","og_title":"About us | Dental clinic in Bratislava | Dental Centrum NIVY","og_description":"A modern dental clinic in Bratislava, where the quality of treatment and the comfort of our clients are our top priorities","og_url":"https:\/\/dentalcentrumnivy.eu\/en\/about-us\/","og_site_name":"Dental Centrum NIVY","article_modified_time":"2025-08-18T08:07:44+00:00","og_image":[{"width":500,"height":500,"url":"https:\/\/dentalcentrumnivy.eu\/wp-content\/uploads\/2022\/12\/Dental-logo-stvorec.png","type":"image\/png"}],"twitter_card":"summary_large_image","twitter_misc":{"Est. reading time":"2 minutes"},"schema":{"@context":"https:\/\/schema.org","@graph":[{"@type":"WebPage","@id":"https:\/\/dentalcentrumnivy.eu\/en\/about-us\/","url":"https:\/\/dentalcentrumnivy.eu\/en\/about-us\/","name":"About us | Dental clinic in Bratislava | Dental Centrum NIVY","isPartOf":{"@id":"https:\/\/dentalcentrumnivy.eu\/#website"},"primaryImageOfPage":{"@id":"https:\/\/dentalcentrumnivy.eu\/en\/about-us\/#primaryimage"},"image":{"@id":"https:\/\/dentalcentrumnivy.eu\/en\/about-us\/#primaryimage"},"thumbnailUrl":"https:\/\/dentalcentrumnivy.eu\/wp-content\/uploads\/2022\/12\/Dental-logo-stvorec.png","datePublished":"2022-09-25T21:54:10+00:00","dateModified":"2025-08-18T08:07:44+00:00","description":"A modern dental clinic in Bratislava, where the quality of treatment and the comfort of our clients are our top priorities","breadcrumb":{"@id":"https:\/\/dentalcentrumnivy.eu\/en\/about-us\/#breadcrumb"},"inLanguage":"en-US","potentialAction":[{"@type":"ReadAction","target":["https:\/\/dentalcentrumnivy.eu\/en\/about-us\/"]}]},{"@type":"ImageObject","inLanguage":"en-US","@id":"https:\/\/dentalcentrumnivy.eu\/en\/about-us\/#primaryimage","url":"https:\/\/dentalcentrumnivy.eu\/wp-content\/uploads\/2022\/12\/Dental-logo-stvorec.png","contentUrl":"https:\/\/dentalcentrumnivy.eu\/wp-content\/uploads\/2022\/12\/Dental-logo-stvorec.png","width":500,"height":500,"caption":"Dental Centrum NIVY logo stvorec"},{"@type":"BreadcrumbList","@id":"https:\/\/dentalcentrumnivy.eu\/en\/about-us\/#breadcrumb","itemListElement":[{"@type":"ListItem","position":1,"name":"Home","item":"https:\/\/dentalcentrumnivy.eu\/"},{"@type":"ListItem","position":2,"name":"About us"}]},{"@type":"WebSite","@id":"https:\/\/dentalcentrumnivy.eu\/#website","url":"https:\/\/dentalcentrumnivy.eu\/","name":"Dental Centrum NIVY","description":"","publisher":{"@id":"https:\/\/dentalcentrumnivy.eu\/#organization"},"potentialAction":[{"@type":"SearchAction","target":{"@type":"EntryPoint","urlTemplate":"https:\/\/dentalcentrumnivy.eu\/?s={search_term_string}"},"query-input":{"@type":"PropertyValueSpecification","valueRequired":true,"valueName":"search_term_string"}}],"inLanguage":"en-US"},{"@type":"Organization","@id":"https:\/\/dentalcentrumnivy.eu\/#organization","name":"Dental Centrum NIVY","url":"https:\/\/dentalcentrumnivy.eu\/","logo":{"@type":"ImageObject","inLanguage":"en-US","@id":"https:\/\/dentalcentrumnivy.eu\/#\/schema\/logo\/image\/","url":"","contentUrl":"","caption":"Dental Centrum NIVY"},"image":{"@id":"https:\/\/dentalcentrumnivy.eu\/#\/schema\/logo\/image\/"}}]}},"_links":{"self":[{"href":"https:\/\/dentalcentrumnivy.eu\/en\/wp-json\/wp\/v2\/pages\/6907","targetHints":{"allow":["GET"]}}],"collection":[{"href":"https:\/\/dentalcentrumnivy.eu\/en\/wp-json\/wp\/v2\/pages"}],"about":[{"href":"https:\/\/dentalcentrumnivy.eu\/en\/wp-json\/wp\/v2\/types\/page"}],"author":[{"embeddable":true,"href":"https:\/\/dentalcentrumnivy.eu\/en\/wp-json\/wp\/v2\/users\/13"}],"replies":[{"embeddable":true,"href":"https:\/\/dentalcentrumnivy.eu\/en\/wp-json\/wp\/v2\/comments?post=6907"}],"version-history":[{"count":47,"href":"https:\/\/dentalcentrumnivy.eu\/en\/wp-json\/wp\/v2\/pages\/6907\/revisions"}],"predecessor-version":[{"id":20090,"href":"https:\/\/dentalcentrumnivy.eu\/en\/wp-json\/wp\/v2\/pages\/6907\/revisions\/20090"}],"wp:featuredmedia":[{"embeddable":true,"href":"https:\/\/dentalcentrumnivy.eu\/en\/wp-json\/wp\/v2\/media\/6833"}],"wp:attachment":[{"href":"https:\/\/dentalcentrumnivy.eu\/en\/wp-json\/wp\/v2\/media?parent=6907"}],"curies":[{"name":"wp","href":"https:\/\/api.w.org\/{rel}","templated":true}]}}