{"id":8034,"date":"2023-01-20T19:19:35","date_gmt":"2023-01-20T18:19:35","guid":{"rendered":"https:\/\/dentalcentrumnivy.eu\/booking-form\/"},"modified":"2025-08-18T10:08:33","modified_gmt":"2025-08-18T08:08:33","slug":"booking-form","status":"publish","type":"page","link":"https:\/\/dentalcentrumnivy.eu\/en\/booking-form\/","title":{"rendered":"Booking form"},"content":{"rendered":"\t\t<div data-elementor-type=\"wp-page\" data-elementor-id=\"8034\" class=\"elementor elementor-8034 elementor-7180\" data-elementor-post-type=\"page\">\n\t\t\t\t\t\t<section class=\"elementor-section elementor-top-section elementor-element elementor-element-f7875cf elementor-section-height-min-height elementor-section-items-stretch elementor-section-boxed elementor-section-height-default\" data-id=\"f7875cf\" data-element_type=\"section\" data-e-type=\"section\" data-settings=\"{&quot;background_background&quot;:&quot;classic&quot;}\">\n\t\t\t\t\t\t\t<div class=\"elementor-background-overlay\"><\/div>\n\t\t\t\t\t\t\t<div class=\"elementor-container elementor-column-gap-default\">\n\t\t\t\t\t<div class=\"elementor-column elementor-col-100 elementor-top-column elementor-element elementor-element-87deeef\" data-id=\"87deeef\" data-element_type=\"column\" data-e-type=\"column\">\n\t\t\t<div class=\"elementor-widget-wrap elementor-element-populated\">\n\t\t\t\t\t\t<div class=\"elementor-element elementor-element-6474322 elementor-invisible elementor-widget elementor-widget-heading\" data-id=\"6474322\" data-element_type=\"widget\" data-e-type=\"widget\" data-settings=\"{&quot;_animation&quot;:&quot;fadeInDown&quot;}\" data-widget_type=\"heading.default\">\n\t\t\t\t<div class=\"elementor-widget-container\">\n\t\t\t\t\t<h2 class=\"elementor-heading-title elementor-size-default\">Booking form<\/h2>\t\t\t\t<\/div>\n\t\t\t\t<\/div>\n\t\t\t\t<div class=\"elementor-element elementor-element-f3d7a39 elementor-button-align-center elementor-mobile-button-align-center elementor-widget elementor-widget-form\" data-id=\"f3d7a39\" data-element_type=\"widget\" data-e-type=\"widget\" data-settings=\"{&quot;step_next_label&quot;:&quot;Next&quot;,&quot;step_previous_label&quot;:&quot;Previous&quot;,&quot;button_width&quot;:&quot;100&quot;,&quot;step_type&quot;:&quot;number_text&quot;,&quot;step_icon_shape&quot;:&quot;circle&quot;}\" data-widget_type=\"form.default\">\n\t\t\t\t<div class=\"elementor-widget-container\">\n\t\t\t\t\t\t\t<form class=\"elementor-form\" method=\"post\" name=\"Write to us\" aria-label=\"Write to us\">\n\t\t\t<input type=\"hidden\" name=\"post_id\" value=\"8034\"\/>\n\t\t\t<input type=\"hidden\" name=\"form_id\" value=\"f3d7a39\"\/>\n\t\t\t<input type=\"hidden\" name=\"referer_title\" value=\"Dental Centrum NIVY\" \/>\n\n\t\t\t\n\t\t\t<div class=\"elementor-form-fields-wrapper elementor-labels-\">\n\t\t\t\t\t\t\t\t<div class=\"elementor-field-type-text elementor-field-group elementor-column elementor-field-group-name elementor-col-33 elementor-field-required\">\n\t\t\t\t\t\t\t\t\t\t\t\t<label for=\"form-field-name\" class=\"elementor-field-label elementor-screen-only\">\n\t\t\t\t\t\t\t\tName\t\t\t\t\t\t\t<\/label>\n\t\t\t\t\t\t\t\t\t\t\t\t\t\t<input size=\"1\" type=\"text\" name=\"form_fields[name]\" id=\"form-field-name\" class=\"elementor-field elementor-size-sm  elementor-field-textual\" placeholder=\"Name*\" required=\"required\">\n\t\t\t\t\t\t\t\t\t\t\t<\/div>\n\t\t\t\t\t\t\t\t<div class=\"elementor-field-type-email elementor-field-group elementor-column elementor-field-group-email elementor-col-33 elementor-field-required\">\n\t\t\t\t\t\t\t\t\t\t\t\t<label for=\"form-field-email\" class=\"elementor-field-label elementor-screen-only\">\n\t\t\t\t\t\t\t\tEmail\t\t\t\t\t\t\t<\/label>\n\t\t\t\t\t\t\t\t\t\t\t\t\t\t<input size=\"1\" type=\"email\" name=\"form_fields[email]\" id=\"form-field-email\" class=\"elementor-field elementor-size-sm  elementor-field-textual\" placeholder=\"Email*\" required=\"required\">\n\t\t\t\t\t\t\t\t\t\t\t<\/div>\n\t\t\t\t\t\t\t\t<div class=\"elementor-field-type-tel elementor-field-group elementor-column elementor-field-group-field_99b8f41 elementor-col-33\">\n\t\t\t\t\t\t\t\t\t\t\t\t<label for=\"form-field-field_99b8f41\" class=\"elementor-field-label elementor-screen-only\">\n\t\t\t\t\t\t\t\tTelephone number\t\t\t\t\t\t\t<\/label>\n\t\t\t\t\t\t\t\t<input size=\"1\" type=\"tel\" name=\"form_fields[field_99b8f41]\" id=\"form-field-field_99b8f41\" class=\"elementor-field elementor-size-sm  elementor-field-textual\" placeholder=\"Tel. number*\" pattern=\"[0-9()#&amp;+*-=.]+\" title=\"Only numbers and phone characters (#, -, *, etc) are accepted.\">\n\n\t\t\t\t\t\t<\/div>\n\t\t\t\t\t\t\t\t<div class=\"elementor-field-type-textarea elementor-field-group elementor-column elementor-field-group-message elementor-col-100 elementor-field-required\">\n\t\t\t\t\t\t\t\t\t\t\t\t<label for=\"form-field-message\" class=\"elementor-field-label elementor-screen-only\">\n\t\t\t\t\t\t\t\tMessage\t\t\t\t\t\t\t<\/label>\n\t\t\t\t\t\t<textarea class=\"elementor-field-textual elementor-field  elementor-size-sm\" name=\"form_fields[message]\" id=\"form-field-message\" rows=\"4\" placeholder=\"Which service are you interested in?\" required=\"required\"><\/textarea>\t\t\t\t<\/div>\n\t\t\t\t\t\t\t\t<div class=\"elementor-field-type-acceptance elementor-field-group elementor-column elementor-field-group-field_85d9159 elementor-col-100 elementor-field-required\">\n\t\t\t\t\t\t\t\t\t\t\t\t<label for=\"form-field-field_85d9159\" class=\"elementor-field-label elementor-screen-only\">\n\t\t\t\t\t\t\t\tGDPR\t\t\t\t\t\t\t<\/label>\n\t\t\t\t\t\t\t\t<div class=\"elementor-field-subgroup\">\n\t\t\t<span class=\"elementor-field-option\">\n\t\t\t\t<input type=\"checkbox\" name=\"form_fields[field_85d9159]\" id=\"form-field-field_85d9159\" class=\"elementor-field elementor-size-sm  elementor-acceptance-field\" required=\"required\">\n\t\t\t\t<label for=\"form-field-field_85d9159\">I consent to the processing of my personal data for the purpose of contacting me. I have read the <u><a style=\"color: #475CAF\" href=\"https:\/\/dentalcentrumnivy.eu\/en\/gdpr\/\" target=\"_blank\">Personal Data Protection<\/a><\/u> document and agree to it.<\/label>\t\t\t<\/span>\n\t\t<\/div>\n\t\t\t\t\t\t<\/div>\n\t\t\t\t\t\t\t\t<div class=\"elementor-field-type-recaptcha_v3 elementor-field-group elementor-column elementor-field-group-field_8ae558c elementor-col-100 recaptcha_v3-inline\">\n\t\t\t\t\t<div class=\"elementor-field\" id=\"form-field-field_8ae558c\"><div class=\"elementor-g-recaptcha\" data-sitekey=\"6Lf0ekgjAAAAAB22IceKEFmZu_dBTYR3XEJiaeUW\" data-type=\"v3\" data-action=\"Form\" data-badge=\"inline\" data-size=\"invisible\"><\/div><\/div>\t\t\t\t<\/div>\n\t\t\t\t\t\t\t\t<div class=\"elementor-field-group elementor-column elementor-field-type-submit elementor-col-100 e-form__buttons\">\n\t\t\t\t\t<button class=\"elementor-button elementor-size-sm\" type=\"submit\">\n\t\t\t\t\t\t<span class=\"elementor-button-content-wrapper\">\n\t\t\t\t\t\t\t\t\t\t\t\t\t\t\t\t\t\t\t\t\t\t<span class=\"elementor-button-text\">Send<\/span>\n\t\t\t\t\t\t\t\t\t\t\t\t\t<\/span>\n\t\t\t\t\t<\/button>\n\t\t\t\t<\/div>\n\t\t\t<\/div>\n\t\t<\/form>\n\t\t\t\t\t\t<\/div>\n\t\t\t\t<\/div>\n\t\t\t\t\t<\/div>\n\t\t<\/div>\n\t\t\t\t\t<\/div>\n\t\t<\/section>\n\t\t\t\t<section class=\"elementor-section elementor-top-section elementor-element elementor-element-0c576f0 elementor-section-boxed elementor-section-height-default elementor-section-height-default\" data-id=\"0c576f0\" data-element_type=\"section\" data-e-type=\"section\">\n\t\t\t\t\t\t<div class=\"elementor-container elementor-column-gap-default\">\n\t\t\t\t\t<div class=\"elementor-column elementor-col-100 elementor-top-column elementor-element elementor-element-00220ce\" data-id=\"00220ce\" data-element_type=\"column\" data-e-type=\"column\">\n\t\t\t<div class=\"elementor-widget-wrap elementor-element-populated\">\n\t\t\t\t\t\t<div class=\"elementor-element elementor-element-2fd3984 elementor-skin-carousel elementor-widget elementor-widget-media-carousel\" data-id=\"2fd3984\" data-element_type=\"widget\" data-e-type=\"widget\" data-settings=\"{&quot;slides_per_view&quot;:&quot;4&quot;,&quot;space_between&quot;:{&quot;unit&quot;:&quot;px&quot;,&quot;size&quot;:16,&quot;sizes&quot;:[]},&quot;skin&quot;:&quot;carousel&quot;,&quot;effect&quot;:&quot;slide&quot;,&quot;speed&quot;:500,&quot;autoplay&quot;:&quot;yes&quot;,&quot;autoplay_speed&quot;:5000,&quot;loop&quot;:&quot;yes&quot;,&quot;pause_on_hover&quot;:&quot;yes&quot;,&quot;pause_on_interaction&quot;:&quot;yes&quot;,&quot;space_between_tablet&quot;:{&quot;unit&quot;:&quot;px&quot;,&quot;size&quot;:10,&quot;sizes&quot;:[]},&quot;space_between_mobile&quot;:{&quot;unit&quot;:&quot;px&quot;,&quot;size&quot;:10,&quot;sizes&quot;:[]}}\" data-widget_type=\"media-carousel.default\">\n\t\t\t\t<div class=\"elementor-widget-container\">\n\t\t\t\t\t\t\t\t\t<div class=\"elementor-swiper\">\n\t\t\t\t\t<div class=\"elementor-main-swiper swiper\" role=\"region\" aria-roledescription=\"carousel\" aria-label=\"Slides\">\n\t\t\t\t<div class=\"swiper-wrapper\">\n\t\t\t\t\t\t\t\t\t\t\t<div class=\"swiper-slide\" role=\"group\" aria-roledescription=\"slide\">\n\t\t\t\t\t\t\t\t\t<div class=\"elementor-carousel-image\" role=\"img\" aria-label=\"Dent\u00e1lna hygiena | Bratislava | Dental Centrum NIVY\" style=\"background-image: url(&#039;https:\/\/dentalcentrumnivy.eu\/wp-content\/uploads\/2022\/11\/Dental-Centrum-Nivy-60.jpg&#039;)\">\n\n\t\t\t\n\t\t\t\t\t<\/div>\n\t\t\t\t\t\t\t\t<\/div>\n\t\t\t\t\t\t\t\t\t\t\t<div class=\"swiper-slide\" role=\"group\" aria-roledescription=\"slide\">\n\t\t\t\t\t\t\t\t\t<div class=\"elementor-carousel-image\" role=\"img\" aria-label=\"Dent\u00e1lna hygiena | Bratislava | Dental Centrum NIVY\" style=\"background-image: url(&#039;https:\/\/dentalcentrumnivy.eu\/wp-content\/uploads\/2022\/11\/Dental-Centrum-Nivy-51.jpg&#039;)\">\n\n\t\t\t\n\t\t\t\t\t<\/div>\n\t\t\t\t\t\t\t\t<\/div>\n\t\t\t\t\t\t\t\t\t\t\t<div class=\"swiper-slide\" role=\"group\" aria-roledescription=\"slide\">\n\t\t\t\t\t\t\t\t\t<div class=\"elementor-carousel-image\" role=\"img\" aria-label=\"Dent\u00e1lna hygiena | Bratislava | Dental Centrum NIVY\" style=\"background-image: url(&#039;https:\/\/dentalcentrumnivy.eu\/wp-content\/uploads\/2022\/11\/Dental-Centrum-Nivy-58.jpg&#039;)\">\n\n\t\t\t\n\t\t\t\t\t<\/div>\n\t\t\t\t\t\t\t\t<\/div>\n\t\t\t\t\t\t\t\t\t\t\t<div class=\"swiper-slide\" role=\"group\" aria-roledescription=\"slide\">\n\t\t\t\t\t\t\t\t\t<div class=\"elementor-carousel-image\" role=\"img\" aria-label=\"Dental Centrum Nivy - 68\" style=\"background-image: url(&#039;https:\/\/dentalcentrumnivy.eu\/wp-content\/uploads\/2022\/11\/Dental-Centrum-Nivy-68.jpg&#039;)\">\n\n\t\t\t\n\t\t\t\t\t<\/div>\n\t\t\t\t\t\t\t\t<\/div>\n\t\t\t\t\t\t\t\t\t\t\t<div class=\"swiper-slide\" role=\"group\" aria-roledescription=\"slide\">\n\t\t\t\t\t\t\t\t\t<div class=\"elementor-carousel-image\" role=\"img\" aria-label=\"Dent\u00e1lna hygiena | Bratislava | Dental Centrum NIVY\" style=\"background-image: url(&#039;https:\/\/dentalcentrumnivy.eu\/wp-content\/uploads\/2022\/11\/Dental-Centrum-Nivy-71.jpg&#039;)\">\n\n\t\t\t\n\t\t\t\t\t<\/div>\n\t\t\t\t\t\t\t\t<\/div>\n\t\t\t\t\t\t\t\t\t\t\t<div class=\"swiper-slide\" role=\"group\" aria-roledescription=\"slide\">\n\t\t\t\t\t\t\t\t\t<div class=\"elementor-carousel-image\" role=\"img\" aria-label=\"Dent\u00e1lna hygiena | Bratislava | Dental Centrum NIVY\" style=\"background-image: url(&#039;https:\/\/dentalcentrumnivy.eu\/wp-content\/uploads\/2022\/11\/Dental-Centrum-Nivy-64.jpg&#039;)\">\n\n\t\t\t\n\t\t\t\t\t<\/div>\n\t\t\t\t\t\t\t\t<\/div>\n\t\t\t\t\t\t\t\t\t<\/div>\n\t\t\t\t\t\t\t\t\t\t\t\t\t\t\t\t\t\t\t\t\t<\/div>\n\t\t\t\t<\/div>\n\t\t\t\t\t\t\t\t<\/div>\n\t\t\t\t<\/div>\n\t\t\t\t\t<\/div>\n\t\t<\/div>\n\t\t\t\t\t<\/div>\n\t\t<\/section>\n\t\t\t\t<section class=\"elementor-section elementor-top-section elementor-element elementor-element-be1176b elementor-section-boxed elementor-section-height-default elementor-section-height-default\" data-id=\"be1176b\" data-element_type=\"section\" data-e-type=\"section\">\n\t\t\t\t\t\t\t<div class=\"elementor-background-overlay\"><\/div>\n\t\t\t\t\t\t\t<div class=\"elementor-container elementor-column-gap-default\">\n\t\t\t\t\t<div class=\"elementor-column elementor-col-100 elementor-top-column elementor-element elementor-element-764f8a0\" data-id=\"764f8a0\" data-element_type=\"column\" data-e-type=\"column\">\n\t\t\t<div class=\"elementor-widget-wrap elementor-element-populated\">\n\t\t\t\t\t\t<div class=\"elementor-element elementor-element-4b16d30 elementor-widget elementor-widget-spacer\" data-id=\"4b16d30\" data-element_type=\"widget\" data-e-type=\"widget\" data-widget_type=\"spacer.default\">\n\t\t\t\t<div class=\"elementor-widget-container\">\n\t\t\t\t\t\t\t<div class=\"elementor-spacer\">\n\t\t\t<div class=\"elementor-spacer-inner\"><\/div>\n\t\t<\/div>\n\t\t\t\t\t\t<\/div>\n\t\t\t\t<\/div>\n\t\t\t\t\t<\/div>\n\t\t<\/div>\n\t\t\t\t\t<\/div>\n\t\t<\/section>\n\t\t\t\t<section class=\"elementor-section elementor-top-section elementor-element elementor-element-cc504ba elementor-section-boxed elementor-section-height-default elementor-section-height-default\" data-id=\"cc504ba\" data-element_type=\"section\" data-e-type=\"section\" data-settings=\"{&quot;background_background&quot;:&quot;classic&quot;}\">\n\t\t\t\t\t\t\t<div class=\"elementor-background-overlay\"><\/div>\n\t\t\t\t\t\t\t<div class=\"elementor-container elementor-column-gap-default\">\n\t\t\t\t\t<div class=\"elementor-column elementor-col-100 elementor-top-column elementor-element elementor-element-c8ee5d2\" data-id=\"c8ee5d2\" data-element_type=\"column\" data-e-type=\"column\">\n\t\t\t<div class=\"elementor-widget-wrap elementor-element-populated\">\n\t\t\t\t\t\t<div class=\"elementor-element elementor-element-bd67637 elementor-widget elementor-widget-heading\" data-id=\"bd67637\" data-element_type=\"widget\" data-e-type=\"widget\" data-widget_type=\"heading.default\">\n\t\t\t\t<div class=\"elementor-widget-container\">\n\t\t\t\t\t<h2 class=\"elementor-heading-title elementor-size-default\">Please take a moment to peruse the reviews left by our patients on Google and Facebook<\/h2>\t\t\t\t<\/div>\n\t\t\t\t<\/div>\n\t\t\t\t<div class=\"elementor-element elementor-element-334f808 elementor-widget elementor-widget-text-editor\" data-id=\"334f808\" data-element_type=\"widget\" data-e-type=\"widget\" data-widget_type=\"text-editor.default\">\n\t\t\t\t<div class=\"elementor-widget-container\">\n\t\t\t\t\t\t\t\t\t<p style=\"text-align: center;\">We are patients of the highest-rated dental clinic in Bratislava.<\/p>\t\t\t\t\t\t\t\t<\/div>\n\t\t\t\t<\/div>\n\t\t\t\t<div class=\"elementor-element elementor-element-3844a5a elementor-widget elementor-widget-shortcode\" data-id=\"3844a5a\" data-element_type=\"widget\" data-e-type=\"widget\" data-widget_type=\"shortcode.default\">\n\t\t\t\t<div class=\"elementor-widget-container\">\n\t\t\t\t\t\t\t<div class=\"elementor-shortcode\"><div data-src=\"https:\/\/cdn.trustindex.io\/loader.js?2c7a73551238405eb70669a0512\"><\/div><\/div>\n\t\t\t\t\t\t<\/div>\n\t\t\t\t<\/div>\n\t\t\t\t<div class=\"elementor-element elementor-element-31b21be elementor-align-center elementor-widget elementor-widget-button\" data-id=\"31b21be\" data-element_type=\"widget\" data-e-type=\"widget\" data-widget_type=\"button.default\">\n\t\t\t\t<div class=\"elementor-widget-container\">\n\t\t\t\t\t\t\t\t\t<div class=\"elementor-button-wrapper\">\n\t\t\t\t\t<a class=\"elementor-button elementor-button-link elementor-size-sm elementor-animation-shrink\" href=\"https:\/\/dentalcentrumnivy.eu\/en\/references\/\">\n\t\t\t\t\t\t<span class=\"elementor-button-content-wrapper\">\n\t\t\t\t\t\t\t\t\t<span class=\"elementor-button-text\">MORE REFERENCES<\/span>\n\t\t\t\t\t<\/span>\n\t\t\t\t\t<\/a>\n\t\t\t\t<\/div>\n\t\t\t\t\t\t\t\t<\/div>\n\t\t\t\t<\/div>\n\t\t\t\t\t<\/div>\n\t\t<\/div>\n\t\t\t\t\t<\/div>\n\t\t<\/section>\n\t\t\t\t<\/div>\n\t\t","protected":false},"excerpt":{"rendered":"<p>Booking form Please take a moment to peruse the reviews left by our patients on Google and Facebook We are patients of the highest-rated dental clinic in Bratislava. MORE REFERENCES<\/p>\n","protected":false},"author":13,"featured_media":6833,"parent":0,"menu_order":0,"comment_status":"closed","ping_status":"closed","template":"elementor_header_footer","meta":{"footnotes":""},"class_list":["post-8034","page","type-page","status-publish","has-post-thumbnail","hentry"],"yoast_head":"<!-- This site is optimized with the Yoast SEO plugin v27.3 - https:\/\/yoast.com\/product\/yoast-seo-wordpress\/ -->\n<title>Booking form | Dental Centrum NIVY<\/title>\n<meta name=\"description\" content=\"Majte dokonalo \u010dist\u00e9 zuby a zdrav\u00e9 \u010fasn\u00e1. Zubn\u00fd povlak a zubn\u00fd kame\u0148 o\u010dist\u00edme a nau\u010d\u00edme V\u00e1s ako sa o ne spr\u00e1vne postara\u0165.\" \/>\n<meta name=\"robots\" content=\"index, follow, max-snippet:-1, max-image-preview:large, max-video-preview:-1\" \/>\n<link rel=\"canonical\" href=\"https:\/\/dentalcentrumnivy.eu\/en\/booking-form\/\" \/>\n<meta property=\"og:locale\" content=\"en_US\" \/>\n<meta property=\"og:type\" content=\"article\" \/>\n<meta property=\"og:title\" content=\"Booking form | Dental Centrum NIVY\" \/>\n<meta property=\"og:description\" content=\"Majte dokonalo \u010dist\u00e9 zuby a zdrav\u00e9 \u010fasn\u00e1. Zubn\u00fd povlak a zubn\u00fd kame\u0148 o\u010dist\u00edme a nau\u010d\u00edme V\u00e1s ako sa o ne spr\u00e1vne postara\u0165.\" \/>\n<meta property=\"og:url\" content=\"https:\/\/dentalcentrumnivy.eu\/en\/booking-form\/\" \/>\n<meta property=\"og:site_name\" content=\"Dental Centrum NIVY\" \/>\n<meta property=\"article:modified_time\" content=\"2025-08-18T08:08:33+00:00\" \/>\n<meta property=\"og:image\" content=\"https:\/\/dentalcentrumnivy.eu\/wp-content\/uploads\/2022\/12\/Dental-logo-stvorec.png\" \/>\n\t<meta property=\"og:image:width\" content=\"500\" \/>\n\t<meta property=\"og:image:height\" content=\"500\" \/>\n\t<meta property=\"og:image:type\" content=\"image\/png\" \/>\n<meta name=\"twitter:card\" content=\"summary_large_image\" \/>\n<meta name=\"twitter:label1\" content=\"Est. reading time\" \/>\n\t<meta name=\"twitter:data1\" content=\"1 minute\" \/>\n<script type=\"application\/ld+json\" class=\"yoast-schema-graph\">{\"@context\":\"https:\\\/\\\/schema.org\",\"@graph\":[{\"@type\":\"WebPage\",\"@id\":\"https:\\\/\\\/dentalcentrumnivy.eu\\\/en\\\/booking-form\\\/\",\"url\":\"https:\\\/\\\/dentalcentrumnivy.eu\\\/en\\\/booking-form\\\/\",\"name\":\"Booking form | Dental Centrum NIVY\",\"isPartOf\":{\"@id\":\"https:\\\/\\\/dentalcentrumnivy.eu\\\/#website\"},\"primaryImageOfPage\":{\"@id\":\"https:\\\/\\\/dentalcentrumnivy.eu\\\/en\\\/booking-form\\\/#primaryimage\"},\"image\":{\"@id\":\"https:\\\/\\\/dentalcentrumnivy.eu\\\/en\\\/booking-form\\\/#primaryimage\"},\"thumbnailUrl\":\"https:\\\/\\\/dentalcentrumnivy.eu\\\/wp-content\\\/uploads\\\/2022\\\/12\\\/Dental-logo-stvorec.png\",\"datePublished\":\"2023-01-20T18:19:35+00:00\",\"dateModified\":\"2025-08-18T08:08:33+00:00\",\"description\":\"Majte dokonalo \u010dist\u00e9 zuby a zdrav\u00e9 \u010fasn\u00e1. Zubn\u00fd povlak a zubn\u00fd kame\u0148 o\u010dist\u00edme a nau\u010d\u00edme V\u00e1s ako sa o ne spr\u00e1vne postara\u0165.\",\"breadcrumb\":{\"@id\":\"https:\\\/\\\/dentalcentrumnivy.eu\\\/en\\\/booking-form\\\/#breadcrumb\"},\"inLanguage\":\"en-US\",\"potentialAction\":[{\"@type\":\"ReadAction\",\"target\":[\"https:\\\/\\\/dentalcentrumnivy.eu\\\/en\\\/booking-form\\\/\"]}]},{\"@type\":\"ImageObject\",\"inLanguage\":\"en-US\",\"@id\":\"https:\\\/\\\/dentalcentrumnivy.eu\\\/en\\\/booking-form\\\/#primaryimage\",\"url\":\"https:\\\/\\\/dentalcentrumnivy.eu\\\/wp-content\\\/uploads\\\/2022\\\/12\\\/Dental-logo-stvorec.png\",\"contentUrl\":\"https:\\\/\\\/dentalcentrumnivy.eu\\\/wp-content\\\/uploads\\\/2022\\\/12\\\/Dental-logo-stvorec.png\",\"width\":500,\"height\":500,\"caption\":\"Dental Centrum NIVY logo stvorec\"},{\"@type\":\"BreadcrumbList\",\"@id\":\"https:\\\/\\\/dentalcentrumnivy.eu\\\/en\\\/booking-form\\\/#breadcrumb\",\"itemListElement\":[{\"@type\":\"ListItem\",\"position\":1,\"name\":\"Home\",\"item\":\"https:\\\/\\\/dentalcentrumnivy.eu\\\/\"},{\"@type\":\"ListItem\",\"position\":2,\"name\":\"Booking form\"}]},{\"@type\":\"WebSite\",\"@id\":\"https:\\\/\\\/dentalcentrumnivy.eu\\\/#website\",\"url\":\"https:\\\/\\\/dentalcentrumnivy.eu\\\/\",\"name\":\"Dental Centrum NIVY\",\"description\":\"\",\"publisher\":{\"@id\":\"https:\\\/\\\/dentalcentrumnivy.eu\\\/#organization\"},\"potentialAction\":[{\"@type\":\"SearchAction\",\"target\":{\"@type\":\"EntryPoint\",\"urlTemplate\":\"https:\\\/\\\/dentalcentrumnivy.eu\\\/?s={search_term_string}\"},\"query-input\":{\"@type\":\"PropertyValueSpecification\",\"valueRequired\":true,\"valueName\":\"search_term_string\"}}],\"inLanguage\":\"en-US\"},{\"@type\":\"Organization\",\"@id\":\"https:\\\/\\\/dentalcentrumnivy.eu\\\/#organization\",\"name\":\"Dental Centrum NIVY\",\"url\":\"https:\\\/\\\/dentalcentrumnivy.eu\\\/\",\"logo\":{\"@type\":\"ImageObject\",\"inLanguage\":\"en-US\",\"@id\":\"https:\\\/\\\/dentalcentrumnivy.eu\\\/#\\\/schema\\\/logo\\\/image\\\/\",\"url\":\"\",\"contentUrl\":\"\",\"caption\":\"Dental Centrum NIVY\"},\"image\":{\"@id\":\"https:\\\/\\\/dentalcentrumnivy.eu\\\/#\\\/schema\\\/logo\\\/image\\\/\"}}]}<\/script>\n<!-- \/ Yoast SEO plugin. -->","yoast_head_json":{"title":"Booking form | Dental Centrum NIVY","description":"Majte dokonalo \u010dist\u00e9 zuby a zdrav\u00e9 \u010fasn\u00e1. Zubn\u00fd povlak a zubn\u00fd kame\u0148 o\u010dist\u00edme a nau\u010d\u00edme V\u00e1s ako sa o ne spr\u00e1vne postara\u0165.","robots":{"index":"index","follow":"follow","max-snippet":"max-snippet:-1","max-image-preview":"max-image-preview:large","max-video-preview":"max-video-preview:-1"},"canonical":"https:\/\/dentalcentrumnivy.eu\/en\/booking-form\/","og_locale":"en_US","og_type":"article","og_title":"Booking form | Dental Centrum NIVY","og_description":"Majte dokonalo \u010dist\u00e9 zuby a zdrav\u00e9 \u010fasn\u00e1. Zubn\u00fd povlak a zubn\u00fd kame\u0148 o\u010dist\u00edme a nau\u010d\u00edme V\u00e1s ako sa o ne spr\u00e1vne postara\u0165.","og_url":"https:\/\/dentalcentrumnivy.eu\/en\/booking-form\/","og_site_name":"Dental Centrum NIVY","article_modified_time":"2025-08-18T08:08:33+00:00","og_image":[{"width":500,"height":500,"url":"https:\/\/dentalcentrumnivy.eu\/wp-content\/uploads\/2022\/12\/Dental-logo-stvorec.png","type":"image\/png"}],"twitter_card":"summary_large_image","twitter_misc":{"Est. reading time":"1 minute"},"schema":{"@context":"https:\/\/schema.org","@graph":[{"@type":"WebPage","@id":"https:\/\/dentalcentrumnivy.eu\/en\/booking-form\/","url":"https:\/\/dentalcentrumnivy.eu\/en\/booking-form\/","name":"Booking form | Dental Centrum NIVY","isPartOf":{"@id":"https:\/\/dentalcentrumnivy.eu\/#website"},"primaryImageOfPage":{"@id":"https:\/\/dentalcentrumnivy.eu\/en\/booking-form\/#primaryimage"},"image":{"@id":"https:\/\/dentalcentrumnivy.eu\/en\/booking-form\/#primaryimage"},"thumbnailUrl":"https:\/\/dentalcentrumnivy.eu\/wp-content\/uploads\/2022\/12\/Dental-logo-stvorec.png","datePublished":"2023-01-20T18:19:35+00:00","dateModified":"2025-08-18T08:08:33+00:00","description":"Majte dokonalo \u010dist\u00e9 zuby a zdrav\u00e9 \u010fasn\u00e1. Zubn\u00fd povlak a zubn\u00fd kame\u0148 o\u010dist\u00edme a nau\u010d\u00edme V\u00e1s ako sa o ne spr\u00e1vne postara\u0165.","breadcrumb":{"@id":"https:\/\/dentalcentrumnivy.eu\/en\/booking-form\/#breadcrumb"},"inLanguage":"en-US","potentialAction":[{"@type":"ReadAction","target":["https:\/\/dentalcentrumnivy.eu\/en\/booking-form\/"]}]},{"@type":"ImageObject","inLanguage":"en-US","@id":"https:\/\/dentalcentrumnivy.eu\/en\/booking-form\/#primaryimage","url":"https:\/\/dentalcentrumnivy.eu\/wp-content\/uploads\/2022\/12\/Dental-logo-stvorec.png","contentUrl":"https:\/\/dentalcentrumnivy.eu\/wp-content\/uploads\/2022\/12\/Dental-logo-stvorec.png","width":500,"height":500,"caption":"Dental Centrum NIVY logo stvorec"},{"@type":"BreadcrumbList","@id":"https:\/\/dentalcentrumnivy.eu\/en\/booking-form\/#breadcrumb","itemListElement":[{"@type":"ListItem","position":1,"name":"Home","item":"https:\/\/dentalcentrumnivy.eu\/"},{"@type":"ListItem","position":2,"name":"Booking form"}]},{"@type":"WebSite","@id":"https:\/\/dentalcentrumnivy.eu\/#website","url":"https:\/\/dentalcentrumnivy.eu\/","name":"Dental Centrum NIVY","description":"","publisher":{"@id":"https:\/\/dentalcentrumnivy.eu\/#organization"},"potentialAction":[{"@type":"SearchAction","target":{"@type":"EntryPoint","urlTemplate":"https:\/\/dentalcentrumnivy.eu\/?s={search_term_string}"},"query-input":{"@type":"PropertyValueSpecification","valueRequired":true,"valueName":"search_term_string"}}],"inLanguage":"en-US"},{"@type":"Organization","@id":"https:\/\/dentalcentrumnivy.eu\/#organization","name":"Dental Centrum NIVY","url":"https:\/\/dentalcentrumnivy.eu\/","logo":{"@type":"ImageObject","inLanguage":"en-US","@id":"https:\/\/dentalcentrumnivy.eu\/#\/schema\/logo\/image\/","url":"","contentUrl":"","caption":"Dental Centrum NIVY"},"image":{"@id":"https:\/\/dentalcentrumnivy.eu\/#\/schema\/logo\/image\/"}}]}},"_links":{"self":[{"href":"https:\/\/dentalcentrumnivy.eu\/en\/wp-json\/wp\/v2\/pages\/8034","targetHints":{"allow":["GET"]}}],"collection":[{"href":"https:\/\/dentalcentrumnivy.eu\/en\/wp-json\/wp\/v2\/pages"}],"about":[{"href":"https:\/\/dentalcentrumnivy.eu\/en\/wp-json\/wp\/v2\/types\/page"}],"author":[{"embeddable":true,"href":"https:\/\/dentalcentrumnivy.eu\/en\/wp-json\/wp\/v2\/users\/13"}],"replies":[{"embeddable":true,"href":"https:\/\/dentalcentrumnivy.eu\/en\/wp-json\/wp\/v2\/comments?post=8034"}],"version-history":[{"count":48,"href":"https:\/\/dentalcentrumnivy.eu\/en\/wp-json\/wp\/v2\/pages\/8034\/revisions"}],"predecessor-version":[{"id":20093,"href":"https:\/\/dentalcentrumnivy.eu\/en\/wp-json\/wp\/v2\/pages\/8034\/revisions\/20093"}],"wp:featuredmedia":[{"embeddable":true,"href":"https:\/\/dentalcentrumnivy.eu\/en\/wp-json\/wp\/v2\/media\/6833"}],"wp:attachment":[{"href":"https:\/\/dentalcentrumnivy.eu\/en\/wp-json\/wp\/v2\/media?parent=8034"}],"curies":[{"name":"wp","href":"https:\/\/api.w.org\/{rel}","templated":true}]}}